{"id":47,"date":"2018-02-06T16:08:00","date_gmt":"2018-02-06T15:08:00","guid":{"rendered":"https:\/\/zorn-fassaden.at\/?page_id=47"},"modified":"2018-02-15T10:59:16","modified_gmt":"2018-02-15T09:59:16","slug":"fassaden-ueberblick","status":"publish","type":"page","link":"https:\/\/zorn-fassaden.at\/?page_id=47","title":{"rendered":"Fassaden"},"content":{"rendered":"<p>Der Au\u00dfenputz ist ein wichtiger Bestandteil der Fassade, um das Mauerwerk dauerhaft vor Witterungseinfl\u00fcssen zu sch\u00fctzen. Die Eigenschaften von Ziegelmauerwerk und Putzsystem m\u00fcssen aufeinander abgestimmt sein.<br \/>\nF\u00fcr die verschiedenen Anforderungen werden Leichtputze-, D\u00e4mmputze und WDVS bzw. Sanierputze verwendet.<\/p>\n<h3>Unser Fassaden-\u00dcberblick<\/h3>\n<ul>\n<li><a href=\"https:\/\/zorn-fassaden.at\/fassaden\/waermedaemmverbundsysteme\/\">W\u00e4rmed\u00e4mmverbundsysteme &#8211; WDVS<\/a><\/li>\n<li><a href=\"https:\/\/zorn-fassaden.at\/fassaden\/mineralisches-verbundsystem\/\">Mineralisches Verbundsystem<\/a><\/li>\n<li><a href=\"https:\/\/zorn-fassaden.at\/fassaden\/open-klimafassade\/\">Open Klimafassaden<\/a><\/li>\n<li><a href=\"https:\/\/zorn-fassaden.at\/fassaden\/sanierputze\/\">Sanierputz<\/a><\/li>\n<li><a href=\"https:\/\/zorn-fassaden.at\/fassaden\/endbeschichtungen\/\">Endbeschichtungen<\/a><\/li>\n<li><a href=\"https:\/\/zorn-fassaden.at\/fassaden\/profile-und-schmuckelemente\/\">Profile und Schmuckelemente<\/a><\/li>\n<li><a href=\"https:\/\/zorn-fassaden.at\/fassaden\/fassaden-fensterbaenke\/\">Fensterb\u00e4nke<\/a><\/li>\n<\/ul>\n<h3>Fassaden-Galerie<\/h3>\n<div id='gallery-1' class='gallery galleryid-47 gallery-columns-5 gallery-size-thumbnail'><figure class='gallery-item'>\n\t\t\t<div class='gallery-icon landscape'>\n\t\t\t\t<a href='https:\/\/zorn-fassaden.at\/wp-content\/uploads\/2018\/02\/Fassaden-Zorn-011.jpg'><img loading=\"lazy\" decoding=\"async\" width=\"150\" height=\"150\" src=\"https:\/\/zorn-fassaden.at\/wp-content\/uploads\/2018\/02\/Fassaden-Zorn-011-150x150.jpg\" class=\"attachment-thumbnail size-thumbnail\" alt=\"Fassaden-Burgenland\" \/><\/a>\n\t\t\t<\/div><\/figure><figure class='gallery-item'>\n\t\t\t<div class='gallery-icon landscape'>\n\t\t\t\t<a href='https:\/\/zorn-fassaden.at\/wp-content\/uploads\/2018\/02\/Fassaden-Zorn-021.jpg'><img loading=\"lazy\" decoding=\"async\" width=\"150\" height=\"150\" src=\"https:\/\/zorn-fassaden.at\/wp-content\/uploads\/2018\/02\/Fassaden-Zorn-021-150x150.jpg\" class=\"attachment-thumbnail size-thumbnail\" alt=\"Fassaden-Burgenland\" \/><\/a>\n\t\t\t<\/div><\/figure><figure class='gallery-item'>\n\t\t\t<div class='gallery-icon landscape'>\n\t\t\t\t<a href='https:\/\/zorn-fassaden.at\/wp-content\/uploads\/2018\/02\/Fassaden-Zorn-031.jpg'><img loading=\"lazy\" decoding=\"async\" width=\"150\" height=\"150\" src=\"https:\/\/zorn-fassaden.at\/wp-content\/uploads\/2018\/02\/Fassaden-Zorn-031-150x150.jpg\" class=\"attachment-thumbnail size-thumbnail\" alt=\"Fassaden-Burgenland\" \/><\/a>\n\t\t\t<\/div><\/figure><figure class='gallery-item'>\n\t\t\t<div class='gallery-icon landscape'>\n\t\t\t\t<a href='https:\/\/zorn-fassaden.at\/wp-content\/uploads\/2018\/02\/Fassaden-Zorn-041.jpg'><img loading=\"lazy\" decoding=\"async\" width=\"150\" height=\"150\" src=\"https:\/\/zorn-fassaden.at\/wp-content\/uploads\/2018\/02\/Fassaden-Zorn-041-150x150.jpg\" class=\"attachment-thumbnail size-thumbnail\" alt=\"Fassaden-Burgenland\" \/><\/a>\n\t\t\t<\/div><\/figure><figure class='gallery-item'>\n\t\t\t<div class='gallery-icon landscape'>\n\t\t\t\t<a href='https:\/\/zorn-fassaden.at\/wp-content\/uploads\/2018\/02\/Fassaden-Zorn-051.jpg'><img loading=\"lazy\" decoding=\"async\" width=\"150\" height=\"150\" src=\"https:\/\/zorn-fassaden.at\/wp-content\/uploads\/2018\/02\/Fassaden-Zorn-051-150x150.jpg\" class=\"attachment-thumbnail size-thumbnail\" alt=\"Fassaden-Burgenland\" \/><\/a>\n\t\t\t<\/div><\/figure><figure class='gallery-item'>\n\t\t\t<div class='gallery-icon landscape'>\n\t\t\t\t<a href='https:\/\/zorn-fassaden.at\/wp-content\/uploads\/2018\/02\/Fassaden-Zorn-06.jpg'><img loading=\"lazy\" decoding=\"async\" width=\"150\" height=\"150\" src=\"https:\/\/zorn-fassaden.at\/wp-content\/uploads\/2018\/02\/Fassaden-Zorn-06-150x150.jpg\" class=\"attachment-thumbnail size-thumbnail\" alt=\"Fassaden-Burgenland\" \/><\/a>\n\t\t\t<\/div><\/figure><figure class='gallery-item'>\n\t\t\t<div class='gallery-icon landscape'>\n\t\t\t\t<a href='https:\/\/zorn-fassaden.at\/wp-content\/uploads\/2018\/02\/Fassaden-Burgenland-01.jpg'><img loading=\"lazy\" decoding=\"async\" width=\"150\" height=\"150\" src=\"https:\/\/zorn-fassaden.at\/wp-content\/uploads\/2018\/02\/Fassaden-Burgenland-01-150x150.jpg\" class=\"attachment-thumbnail size-thumbnail\" alt=\"Fassaden-Burgenland\" \/><\/a>\n\t\t\t<\/div><\/figure><figure class='gallery-item'>\n\t\t\t<div class='gallery-icon landscape'>\n\t\t\t\t<a href='https:\/\/zorn-fassaden.at\/wp-content\/uploads\/2018\/02\/Fassaden-Burgenland-02.jpg'><img loading=\"lazy\" decoding=\"async\" width=\"150\" height=\"150\" src=\"https:\/\/zorn-fassaden.at\/wp-content\/uploads\/2018\/02\/Fassaden-Burgenland-02-150x150.jpg\" class=\"attachment-thumbnail size-thumbnail\" alt=\"Fassaden-Burgenland\" \/><\/a>\n\t\t\t<\/div><\/figure><figure class='gallery-item'>\n\t\t\t<div class='gallery-icon landscape'>\n\t\t\t\t<a href='https:\/\/zorn-fassaden.at\/wp-content\/uploads\/2018\/02\/Fassaden-Burgenland-03.jpg'><img loading=\"lazy\" decoding=\"async\" width=\"150\" height=\"150\" src=\"https:\/\/zorn-fassaden.at\/wp-content\/uploads\/2018\/02\/Fassaden-Burgenland-03-150x150.jpg\" class=\"attachment-thumbnail size-thumbnail\" alt=\"Fassaden-Burgenland\" \/><\/a>\n\t\t\t<\/div><\/figure><figure class='gallery-item'>\n\t\t\t<div class='gallery-icon landscape'>\n\t\t\t\t<a href='https:\/\/zorn-fassaden.at\/wp-content\/uploads\/2018\/02\/Fassaden-Burgenland-04.jpg'><img loading=\"lazy\" decoding=\"async\" width=\"150\" height=\"150\" src=\"https:\/\/zorn-fassaden.at\/wp-content\/uploads\/2018\/02\/Fassaden-Burgenland-04-150x150.jpg\" class=\"attachment-thumbnail size-thumbnail\" alt=\"Fassaden-Burgenland\" \/><\/a>\n\t\t\t<\/div><\/figure><figure class='gallery-item'>\n\t\t\t<div class='gallery-icon landscape'>\n\t\t\t\t<a href='https:\/\/zorn-fassaden.at\/wp-content\/uploads\/2018\/02\/Fassaden-Burgenland-05.jpg'><img loading=\"lazy\" decoding=\"async\" width=\"150\" height=\"150\" src=\"https:\/\/zorn-fassaden.at\/wp-content\/uploads\/2018\/02\/Fassaden-Burgenland-05-150x150.jpg\" class=\"attachment-thumbnail size-thumbnail\" alt=\"Fassaden-Burgenland\" \/><\/a>\n\t\t\t<\/div><\/figure><figure class='gallery-item'>\n\t\t\t<div class='gallery-icon landscape'>\n\t\t\t\t<a href='https:\/\/zorn-fassaden.at\/wp-content\/uploads\/2018\/02\/Fassaden-Burgenland-06.jpg'><img loading=\"lazy\" decoding=\"async\" width=\"150\" height=\"150\" src=\"https:\/\/zorn-fassaden.at\/wp-content\/uploads\/2018\/02\/Fassaden-Burgenland-06-150x150.jpg\" class=\"attachment-thumbnail size-thumbnail\" alt=\"Fassaden-Burgenland-06\" \/><\/a>\n\t\t\t<\/div><\/figure><figure class='gallery-item'>\n\t\t\t<div class='gallery-icon landscape'>\n\t\t\t\t<a href='https:\/\/zorn-fassaden.at\/wp-content\/uploads\/2018\/02\/Fassaden-Burgenland-07.jpg'><img loading=\"lazy\" decoding=\"async\" width=\"150\" height=\"150\" src=\"https:\/\/zorn-fassaden.at\/wp-content\/uploads\/2018\/02\/Fassaden-Burgenland-07-150x150.jpg\" class=\"attachment-thumbnail size-thumbnail\" alt=\"Fassaden-Burgenland-06\" \/><\/a>\n\t\t\t<\/div><\/figure>\n\t\t<\/div>\n\n","protected":false},"excerpt":{"rendered":"<p>Der Au\u00dfenputz ist ein wichtiger Bestandteil der Fassade, um das Mauerwerk dauerhaft vor Witterungseinfl\u00fcssen zu sch\u00fctzen. Die Eigenschaften von Ziegelmauerwerk und Putzsystem [&hellip;]<\/p>\n","protected":false},"author":3,"featured_media":0,"parent":0,"menu_order":10,"comment_status":"closed","ping_status":"closed","template":"page-templates\/page_fullwidth.php","meta":{"footnotes":""},"class_list":["post-47","page","type-page","status-publish","hentry"],"aioseo_notices":[],"_links":{"self":[{"href":"https:\/\/zorn-fassaden.at\/index.php?rest_route=\/wp\/v2\/pages\/47","targetHints":{"allow":["GET"]}}],"collection":[{"href":"https:\/\/zorn-fassaden.at\/index.php?rest_route=\/wp\/v2\/pages"}],"about":[{"href":"https:\/\/zorn-fassaden.at\/index.php?rest_route=\/wp\/v2\/types\/page"}],"author":[{"embeddable":true,"href":"https:\/\/zorn-fassaden.at\/index.php?rest_route=\/wp\/v2\/users\/3"}],"replies":[{"embeddable":true,"href":"https:\/\/zorn-fassaden.at\/index.php?rest_route=%2Fwp%2Fv2%2Fcomments&post=47"}],"version-history":[{"count":18,"href":"https:\/\/zorn-fassaden.at\/index.php?rest_route=\/wp\/v2\/pages\/47\/revisions"}],"predecessor-version":[{"id":233,"href":"https:\/\/zorn-fassaden.at\/index.php?rest_route=\/wp\/v2\/pages\/47\/revisions\/233"}],"wp:attachment":[{"href":"https:\/\/zorn-fassaden.at\/index.php?rest_route=%2Fwp%2Fv2%2Fmedia&parent=47"}],"curies":[{"name":"wp","href":"https:\/\/api.w.org\/{rel}","templated":true}]}}